{"id":1319,"date":"2021-11-21T15:14:19","date_gmt":"2021-11-21T15:14:19","guid":{"rendered":"https:\/\/cirugiapediatricamalaga.es\/about\/"},"modified":"2023-06-28T23:00:26","modified_gmt":"2023-06-28T23:00:26","slug":"quienes-somos","status":"publish","type":"page","link":"https:\/\/cirugiapediatricamalaga.es\/home\/quienes-somos\/","title":{"rendered":"Qui\u00e9nes Somos"},"content":{"rendered":"\t\t<div data-elementor-type=\"wp-page\" data-elementor-id=\"1319\" class=\"elementor elementor-1319\">\n\t\t\t\t\t\t<section class=\"elementor-section elementor-top-section elementor-element elementor-element-c8ddeb6 elementor-section-height-min-height elementor-section-boxed elementor-section-height-default elementor-section-items-middle\" data-id=\"c8ddeb6\" data-element_type=\"section\" data-e-type=\"section\" data-settings=\"{&quot;background_background&quot;:&quot;classic&quot;}\">\n\t\t\t\t\t\t\t<div class=\"elementor-background-overlay\"><\/div>\n\t\t\t\t\t\t\t<div class=\"elementor-container elementor-column-gap-default\">\n\t\t\t\t\t<div class=\"elementor-column elementor-col-100 elementor-top-column elementor-element elementor-element-6a5337e\" data-id=\"6a5337e\" data-element_type=\"column\" data-e-type=\"column\">\n\t\t\t<div class=\"elementor-widget-wrap elementor-element-populated\">\n\t\t\t\t\t\t<div class=\"elementor-element elementor-element-feefb6c elementor-widget elementor-widget-heading\" data-id=\"feefb6c\" data-element_type=\"widget\" data-e-type=\"widget\" data-widget_type=\"heading.default\">\n\t\t\t\t<div class=\"elementor-widget-container\">\n\t\t\t\t\t<h1 class=\"elementor-heading-title elementor-size-default\">Qui\u00e9nes somos<\/h1>\t\t\t\t<\/div>\n\t\t\t\t<\/div>\n\t\t\t\t\t<\/div>\n\t\t<\/div>\n\t\t\t\t\t<\/div>\n\t\t<\/section>\n\t\t\t\t<section class=\"elementor-section elementor-top-section elementor-element elementor-element-034f786 elementor-section-boxed elementor-section-height-default elementor-section-height-default\" data-id=\"034f786\" data-element_type=\"section\" data-e-type=\"section\">\n\t\t\t\t\t\t<div class=\"elementor-container elementor-column-gap-default\">\n\t\t\t\t\t<div class=\"elementor-column elementor-col-100 elementor-top-column elementor-element elementor-element-ba0c118\" data-id=\"ba0c118\" data-element_type=\"column\" data-e-type=\"column\">\n\t\t\t<div class=\"elementor-widget-wrap elementor-element-populated\">\n\t\t\t\t\t\t<div class=\"elementor-element elementor-element-3dc998b elementor-widget elementor-widget-heading\" data-id=\"3dc998b\" data-element_type=\"widget\" data-e-type=\"widget\" data-widget_type=\"heading.default\">\n\t\t\t\t<div class=\"elementor-widget-container\">\n\t\t\t\t\t<h4 class=\"elementor-heading-title elementor-size-default\">Soy el Dr. Alexander Siles  y lidero este proyecto joven e innovador de profesionales apasionados por la salud de los ni\u00f1os.<\/h4>\t\t\t\t<\/div>\n\t\t\t\t<\/div>\n\t\t\t\t<div class=\"elementor-element elementor-element-9fdb291 elementor-widget elementor-widget-image\" data-id=\"9fdb291\" data-element_type=\"widget\" data-e-type=\"widget\" data-widget_type=\"image.default\">\n\t\t\t\t<div class=\"elementor-widget-container\">\n\t\t\t\t\t\t\t\t\t\t\t\t\t\t\t<img fetchpriority=\"high\" decoding=\"async\" width=\"1170\" height=\"600\" src=\"https:\/\/cirugiapediatricamalaga.es\/wp-content\/uploads\/2023\/06\/foto-grupo-quienes-somos-comp.jpg\" class=\"attachment-full size-full wp-image-1422\" alt=\"\" srcset=\"https:\/\/cirugiapediatricamalaga.es\/wp-content\/uploads\/2023\/06\/foto-grupo-quienes-somos-comp.jpg 1170w, https:\/\/cirugiapediatricamalaga.es\/wp-content\/uploads\/2023\/06\/foto-grupo-quienes-somos-comp-300x154.jpg 300w, https:\/\/cirugiapediatricamalaga.es\/wp-content\/uploads\/2023\/06\/foto-grupo-quienes-somos-comp-1024x525.jpg 1024w, https:\/\/cirugiapediatricamalaga.es\/wp-content\/uploads\/2023\/06\/foto-grupo-quienes-somos-comp-768x394.jpg 768w\" sizes=\"(max-width: 1170px) 100vw, 1170px\" \/>\t\t\t\t\t\t\t\t\t\t\t\t\t\t\t<\/div>\n\t\t\t\t<\/div>\n\t\t\t\t<section class=\"elementor-section elementor-inner-section elementor-element elementor-element-d762106 elementor-section-boxed elementor-section-height-default elementor-section-height-default\" data-id=\"d762106\" data-element_type=\"section\" data-e-type=\"section\">\n\t\t\t\t\t\t<div class=\"elementor-container elementor-column-gap-default\">\n\t\t\t\t\t<div class=\"elementor-column elementor-col-50 elementor-inner-column elementor-element elementor-element-08ec54c\" data-id=\"08ec54c\" data-element_type=\"column\" data-e-type=\"column\">\n\t\t\t<div class=\"elementor-widget-wrap elementor-element-populated\">\n\t\t\t\t\t\t<div class=\"elementor-element elementor-element-d35be41 elementor-widget elementor-widget-heading\" data-id=\"d35be41\" data-element_type=\"widget\" data-e-type=\"widget\" data-widget_type=\"heading.default\">\n\t\t\t\t<div class=\"elementor-widget-container\">\n\t\t\t\t\t<h3 class=\"elementor-heading-title elementor-size-default\">Nuestro equipo<\/h3>\t\t\t\t<\/div>\n\t\t\t\t<\/div>\n\t\t\t\t<div class=\"elementor-element elementor-element-8fa3d11 elementor-widget elementor-widget-text-editor\" data-id=\"8fa3d11\" data-element_type=\"widget\" data-e-type=\"widget\" data-widget_type=\"text-editor.default\">\n\t\t\t\t<div class=\"elementor-widget-container\">\n\t\t\t\t\t\t\t\t\t<p class=\"p1\">Somos el nuevo equipo de cirug\u00eda pedi\u00e1trica en tu ciudad y estamos emocionados de presentarnos. Soy el Dr. Alexander Siles\u00a0 y lidero este proyecto joven e innovador de profesionales apasionados por la salud de los ni\u00f1os.<\/p>\t\t\t\t\t\t\t\t<\/div>\n\t\t\t\t<\/div>\n\t\t\t\t\t<\/div>\n\t\t<\/div>\n\t\t\t\t<div class=\"elementor-column elementor-col-50 elementor-inner-column elementor-element elementor-element-d30d7a1\" data-id=\"d30d7a1\" data-element_type=\"column\" data-e-type=\"column\">\n\t\t\t<div class=\"elementor-widget-wrap elementor-element-populated\">\n\t\t\t\t\t\t<div class=\"elementor-element elementor-element-6260bc9 elementor-widget elementor-widget-heading\" data-id=\"6260bc9\" data-element_type=\"widget\" data-e-type=\"widget\" data-widget_type=\"heading.default\">\n\t\t\t\t<div class=\"elementor-widget-container\">\n\t\t\t\t\t<h3 class=\"elementor-heading-title elementor-size-default\">CV<\/h3>\t\t\t\t<\/div>\n\t\t\t\t<\/div>\n\t\t\t\t<div class=\"elementor-element elementor-element-3a99000 elementor-widget elementor-widget-text-editor\" data-id=\"3a99000\" data-element_type=\"widget\" data-e-type=\"widget\" data-widget_type=\"text-editor.default\">\n\t\t\t\t<div class=\"elementor-widget-container\">\n\t\t\t\t\t\t\t\t\t<p><script src=\"https:\/\/platform.linkedin.com\/badges\/js\/profile.js\" async defer type=\"text\/javascript\"><\/script><\/p><div class=\"badge-base LI-profile-badge\" data-locale=\"en_US\" data-size=\"medium\" data-theme=\"light\" data-type=\"VERTICAL\" data-vanity=\"alexander-siles\" data-version=\"v1\"><a class=\"badge-base__link LI-simple-link\" href=\"https:\/\/es.linkedin.com\/in\/alexander-siles?trk=profile-badge\">Alexander Siles Hinojosa<\/a><\/div>\t\t\t\t\t\t\t\t<\/div>\n\t\t\t\t<\/div>\n\t\t\t\t\t<\/div>\n\t\t<\/div>\n\t\t\t\t\t<\/div>\n\t\t<\/section>\n\t\t\t\t\t<\/div>\n\t\t<\/div>\n\t\t\t\t\t<\/div>\n\t\t<\/section>\n\t\t\t\t<section class=\"elementor-section elementor-top-section elementor-element elementor-element-e889fc3 elementor-section-boxed elementor-section-height-default elementor-section-height-default\" data-id=\"e889fc3\" data-element_type=\"section\" data-e-type=\"section\" data-settings=\"{&quot;background_background&quot;:&quot;classic&quot;}\">\n\t\t\t\t\t\t<div class=\"elementor-container elementor-column-gap-default\">\n\t\t\t\t\t<div class=\"elementor-column elementor-col-33 elementor-top-column elementor-element elementor-element-3c8f4a8\" data-id=\"3c8f4a8\" data-element_type=\"column\" data-e-type=\"column\">\n\t\t\t<div class=\"elementor-widget-wrap\">\n\t\t\t\t\t\t\t<\/div>\n\t\t<\/div>\n\t\t\t\t<div class=\"elementor-column elementor-col-33 elementor-top-column elementor-element elementor-element-ebb2ba7\" data-id=\"ebb2ba7\" data-element_type=\"column\" data-e-type=\"column\">\n\t\t\t<div class=\"elementor-widget-wrap elementor-element-populated\">\n\t\t\t\t\t\t<div class=\"elementor-element elementor-element-14b6458 elementor-widget elementor-widget-image\" data-id=\"14b6458\" data-element_type=\"widget\" data-e-type=\"widget\" data-widget_type=\"image.default\">\n\t\t\t\t<div class=\"elementor-widget-container\">\n\t\t\t\t\t\t\t\t\t\t\t\t\t\t\t<img decoding=\"async\" src=\"https:\/\/cirugiapediatricamalaga.es\/wp-content\/uploads\/2021\/11\/quotes.svg\" class=\"attachment-full size-full wp-image-117\" alt=\"\" \/>\t\t\t\t\t\t\t\t\t\t\t\t\t\t\t<\/div>\n\t\t\t\t<\/div>\n\t\t\t\t<div class=\"elementor-element elementor-element-beb0353 elementor-widget elementor-widget-heading\" data-id=\"beb0353\" data-element_type=\"widget\" data-e-type=\"widget\" data-widget_type=\"heading.default\">\n\t\t\t\t<div class=\"elementor-widget-container\">\n\t\t\t\t\t<h4 class=\"elementor-heading-title elementor-size-default\">\u201cSi quieres ir r\u00e1pido camina solo, si quieres llegar lejos ve acompa\u00f1ado.\u201d<\/h4>\t\t\t\t<\/div>\n\t\t\t\t<\/div>\n\t\t\t\t<div class=\"elementor-element elementor-element-4e74ae5 elementor-widget elementor-widget-image\" data-id=\"4e74ae5\" data-element_type=\"widget\" data-e-type=\"widget\" data-widget_type=\"image.default\">\n\t\t\t\t<div class=\"elementor-widget-container\">\n\t\t\t\t\t\t\t\t\t\t\t\t\t\t\t<img decoding=\"async\" width=\"128\" height=\"128\" src=\"https:\/\/cirugiapediatricamalaga.es\/wp-content\/uploads\/2023\/06\/Diseno-sin-titulo-7.png\" class=\"attachment-full size-full wp-image-1450\" alt=\"\" \/>\t\t\t\t\t\t\t\t\t\t\t\t\t\t\t<\/div>\n\t\t\t\t<\/div>\n\t\t\t\t<div class=\"elementor-element elementor-element-ec91cfa elementor-widget elementor-widget-text-editor\" data-id=\"ec91cfa\" data-element_type=\"widget\" data-e-type=\"widget\" data-widget_type=\"text-editor.default\">\n\t\t\t\t<div class=\"elementor-widget-container\">\n\t\t\t\t\t\t\t\t\t<p>Alexander Siles<\/p>\t\t\t\t\t\t\t\t<\/div>\n\t\t\t\t<\/div>\n\t\t\t\t\t<\/div>\n\t\t<\/div>\n\t\t\t\t<div class=\"elementor-column elementor-col-33 elementor-top-column elementor-element elementor-element-9e16007\" data-id=\"9e16007\" data-element_type=\"column\" data-e-type=\"column\">\n\t\t\t<div class=\"elementor-widget-wrap\">\n\t\t\t\t\t\t\t<\/div>\n\t\t<\/div>\n\t\t\t\t\t<\/div>\n\t\t<\/section>\n\t\t\t\t<\/div>\n\t\t","protected":false},"excerpt":{"rendered":"<p>Qui\u00e9nes somos Soy el Dr. Alexander Siles y lidero este proyecto joven e innovador de profesionales apasionados por la salud de los ni\u00f1os. Nuestro equipo Somos el nuevo equipo de cirug\u00eda pedi\u00e1trica en tu ciudad y estamos emocionados de presentarnos. Soy el Dr. Alexander Siles\u00a0 y lidero este proyecto joven e innovador de profesionales apasionados [&hellip;]<\/p>\n","protected":false},"author":1,"featured_media":0,"parent":0,"menu_order":0,"comment_status":"closed","ping_status":"closed","template":"","meta":{"site-sidebar-layout":"no-sidebar","site-content-layout":"page-builder","ast-site-content-layout":"default","site-content-style":"default","site-sidebar-style":"default","ast-global-header-display":"","ast-banner-title-visibility":"","ast-main-header-display":"","ast-hfb-above-header-display":"","ast-hfb-below-header-display":"","ast-hfb-mobile-header-display":"","site-post-title":"disabled","ast-breadcrumbs-content":"","ast-featured-img":"disabled","footer-sml-layout":"","ast-disable-related-posts":"","theme-transparent-header-meta":"default","adv-header-id-meta":"","stick-header-meta":"","header-above-stick-meta":"","header-main-stick-meta":"","header-below-stick-meta":"","astra-migrate-meta-layouts":"default","ast-page-background-enabled":"default","ast-page-background-meta":{"desktop":{"background-color":"var(--ast-global-color-4)","background-image":"","background-repeat":"repeat","background-position":"center center","background-size":"auto","background-attachment":"scroll","background-type":"","background-media":"","overlay-type":"","overlay-color":"","overlay-opacity":"","overlay-gradient":""},"tablet":{"background-color":"","background-image":"","background-repeat":"repeat","background-position":"center center","background-size":"auto","background-attachment":"scroll","background-type":"","background-media":"","overlay-type":"","overlay-color":"","overlay-opacity":"","overlay-gradient":""},"mobile":{"background-color":"","background-image":"","background-repeat":"repeat","background-position":"center center","background-size":"auto","background-attachment":"scroll","background-type":"","background-media":"","overlay-type":"","overlay-color":"","overlay-opacity":"","overlay-gradient":""}},"ast-content-background-meta":{"desktop":{"background-color":"var(--ast-global-color-5)","background-image":"","background-repeat":"repeat","background-position":"center center","background-size":"auto","background-attachment":"scroll","background-type":"","background-media":"","overlay-type":"","overlay-color":"","overlay-opacity":"","overlay-gradient":""},"tablet":{"background-color":"var(--ast-global-color-5)","background-image":"","background-repeat":"repeat","background-position":"center center","background-size":"auto","background-attachment":"scroll","background-type":"","background-media":"","overlay-type":"","overlay-color":"","overlay-opacity":"","overlay-gradient":""},"mobile":{"background-color":"var(--ast-global-color-5)","background-image":"","background-repeat":"repeat","background-position":"center center","background-size":"auto","background-attachment":"scroll","background-type":"","background-media":"","overlay-type":"","overlay-color":"","overlay-opacity":"","overlay-gradient":""}},"footnotes":""},"class_list":["post-1319","page","type-page","status-publish","hentry"],"yoast_head":"<!-- This site is optimized with the Yoast SEO plugin v27.5 - https:\/\/yoast.com\/product\/yoast-seo-wordpress\/ -->\n<title>Qui\u00e9nes Somos - Cirug&iacute;a Pedi&aacute;trica M&aacute;laga<\/title>\n<meta name=\"robots\" content=\"index, follow, max-snippet:-1, max-image-preview:large, max-video-preview:-1\" \/>\n<link rel=\"canonical\" href=\"https:\/\/cirugiapediatricamalaga.es\/home\/quienes-somos\/\" \/>\n<meta property=\"og:locale\" content=\"es_ES\" \/>\n<meta property=\"og:type\" content=\"article\" \/>\n<meta property=\"og:title\" content=\"Qui\u00e9nes Somos - Cirug&iacute;a Pedi&aacute;trica M&aacute;laga\" \/>\n<meta property=\"og:description\" content=\"Qui\u00e9nes somos Soy el Dr. Alexander Siles y lidero este proyecto joven e innovador de profesionales apasionados por la salud de los ni\u00f1os. Nuestro equipo Somos el nuevo equipo de cirug\u00eda pedi\u00e1trica en tu ciudad y estamos emocionados de presentarnos. Soy el Dr. Alexander Siles\u00a0 y lidero este proyecto joven e innovador de profesionales apasionados [&hellip;]\" \/>\n<meta property=\"og:url\" content=\"https:\/\/cirugiapediatricamalaga.es\/home\/quienes-somos\/\" \/>\n<meta property=\"og:site_name\" content=\"Cirug&iacute;a Pedi&aacute;trica M&aacute;laga\" \/>\n<meta property=\"article:modified_time\" content=\"2023-06-28T23:00:26+00:00\" \/>\n<meta property=\"og:image\" content=\"https:\/\/cirugiapediatricamalaga.es\/wp-content\/uploads\/2023\/06\/foto-grupo-quienes-somos-comp.jpg\" \/>\n<meta name=\"twitter:card\" content=\"summary_large_image\" \/>\n<meta name=\"twitter:label1\" content=\"Tiempo de lectura\" \/>\n\t<meta name=\"twitter:data1\" content=\"2 minutos\" \/>\n<script type=\"application\/ld+json\" class=\"yoast-schema-graph\">{\"@context\":\"https:\\\/\\\/schema.org\",\"@graph\":[{\"@type\":\"WebPage\",\"@id\":\"https:\\\/\\\/cirugiapediatricamalaga.es\\\/home\\\/quienes-somos\\\/\",\"url\":\"https:\\\/\\\/cirugiapediatricamalaga.es\\\/home\\\/quienes-somos\\\/\",\"name\":\"Qui\u00e9nes Somos - Cirug&iacute;a Pedi&aacute;trica M&aacute;laga\",\"isPartOf\":{\"@id\":\"https:\\\/\\\/cirugiapediatricamalaga.es\\\/home\\\/#website\"},\"primaryImageOfPage\":{\"@id\":\"https:\\\/\\\/cirugiapediatricamalaga.es\\\/home\\\/quienes-somos\\\/#primaryimage\"},\"image\":{\"@id\":\"https:\\\/\\\/cirugiapediatricamalaga.es\\\/home\\\/quienes-somos\\\/#primaryimage\"},\"thumbnailUrl\":\"https:\\\/\\\/cirugiapediatricamalaga.es\\\/wp-content\\\/uploads\\\/2023\\\/06\\\/foto-grupo-quienes-somos-comp.jpg\",\"datePublished\":\"2021-11-21T15:14:19+00:00\",\"dateModified\":\"2023-06-28T23:00:26+00:00\",\"breadcrumb\":{\"@id\":\"https:\\\/\\\/cirugiapediatricamalaga.es\\\/home\\\/quienes-somos\\\/#breadcrumb\"},\"inLanguage\":\"es\",\"potentialAction\":[{\"@type\":\"ReadAction\",\"target\":[\"https:\\\/\\\/cirugiapediatricamalaga.es\\\/home\\\/quienes-somos\\\/\"]}]},{\"@type\":\"ImageObject\",\"inLanguage\":\"es\",\"@id\":\"https:\\\/\\\/cirugiapediatricamalaga.es\\\/home\\\/quienes-somos\\\/#primaryimage\",\"url\":\"https:\\\/\\\/cirugiapediatricamalaga.es\\\/wp-content\\\/uploads\\\/2023\\\/06\\\/foto-grupo-quienes-somos-comp.jpg\",\"contentUrl\":\"https:\\\/\\\/cirugiapediatricamalaga.es\\\/wp-content\\\/uploads\\\/2023\\\/06\\\/foto-grupo-quienes-somos-comp.jpg\"},{\"@type\":\"BreadcrumbList\",\"@id\":\"https:\\\/\\\/cirugiapediatricamalaga.es\\\/home\\\/quienes-somos\\\/#breadcrumb\",\"itemListElement\":[{\"@type\":\"ListItem\",\"position\":1,\"name\":\"Home\",\"item\":\"https:\\\/\\\/cirugiapediatricamalaga.es\\\/home\\\/\"},{\"@type\":\"ListItem\",\"position\":2,\"name\":\"Qui\u00e9nes Somos\"}]},{\"@type\":\"WebSite\",\"@id\":\"https:\\\/\\\/cirugiapediatricamalaga.es\\\/home\\\/#website\",\"url\":\"https:\\\/\\\/cirugiapediatricamalaga.es\\\/home\\\/\",\"name\":\"Cirug&iacute;a Pedi&aacute;trica M&aacute;laga\",\"description\":\"Equipo de Cirug&iacute;a Pedi&aacute;trica M&aacute;laga &amp; Andaluc&iacute;a\",\"publisher\":{\"@id\":\"https:\\\/\\\/cirugiapediatricamalaga.es\\\/home\\\/#organization\"},\"potentialAction\":[{\"@type\":\"SearchAction\",\"target\":{\"@type\":\"EntryPoint\",\"urlTemplate\":\"https:\\\/\\\/cirugiapediatricamalaga.es\\\/home\\\/?s={search_term_string}\"},\"query-input\":{\"@type\":\"PropertyValueSpecification\",\"valueRequired\":true,\"valueName\":\"search_term_string\"}}],\"inLanguage\":\"es\"},{\"@type\":\"Organization\",\"@id\":\"https:\\\/\\\/cirugiapediatricamalaga.es\\\/home\\\/#organization\",\"name\":\"Cirug&iacute;a Pedi&aacute;trica M&aacute;laga\",\"url\":\"https:\\\/\\\/cirugiapediatricamalaga.es\\\/home\\\/\",\"logo\":{\"@type\":\"ImageObject\",\"inLanguage\":\"es\",\"@id\":\"https:\\\/\\\/cirugiapediatricamalaga.es\\\/home\\\/#\\\/schema\\\/logo\\\/image\\\/\",\"url\":\"https:\\\/\\\/cirugiapediatricamalaga.es\\\/wp-content\\\/uploads\\\/2023\\\/06\\\/cropped-cropped-logo-cuadrado-cirugiapediatricamalaga.png\",\"contentUrl\":\"https:\\\/\\\/cirugiapediatricamalaga.es\\\/wp-content\\\/uploads\\\/2023\\\/06\\\/cropped-cropped-logo-cuadrado-cirugiapediatricamalaga.png\",\"width\":427,\"height\":250,\"caption\":\"Cirug&iacute;a Pedi&aacute;trica M&aacute;laga\"},\"image\":{\"@id\":\"https:\\\/\\\/cirugiapediatricamalaga.es\\\/home\\\/#\\\/schema\\\/logo\\\/image\\\/\"}}]}<\/script>\n<!-- \/ Yoast SEO plugin. -->","yoast_head_json":{"title":"Qui\u00e9nes Somos - Cirug&iacute;a Pedi&aacute;trica M&aacute;laga","robots":{"index":"index","follow":"follow","max-snippet":"max-snippet:-1","max-image-preview":"max-image-preview:large","max-video-preview":"max-video-preview:-1"},"canonical":"https:\/\/cirugiapediatricamalaga.es\/home\/quienes-somos\/","og_locale":"es_ES","og_type":"article","og_title":"Qui\u00e9nes Somos - Cirug&iacute;a Pedi&aacute;trica M&aacute;laga","og_description":"Qui\u00e9nes somos Soy el Dr. Alexander Siles y lidero este proyecto joven e innovador de profesionales apasionados por la salud de los ni\u00f1os. Nuestro equipo Somos el nuevo equipo de cirug\u00eda pedi\u00e1trica en tu ciudad y estamos emocionados de presentarnos. Soy el Dr. Alexander Siles\u00a0 y lidero este proyecto joven e innovador de profesionales apasionados [&hellip;]","og_url":"https:\/\/cirugiapediatricamalaga.es\/home\/quienes-somos\/","og_site_name":"Cirug&iacute;a Pedi&aacute;trica M&aacute;laga","article_modified_time":"2023-06-28T23:00:26+00:00","og_image":[{"url":"https:\/\/cirugiapediatricamalaga.es\/wp-content\/uploads\/2023\/06\/foto-grupo-quienes-somos-comp.jpg","type":"","width":"","height":""}],"twitter_card":"summary_large_image","twitter_misc":{"Tiempo de lectura":"2 minutos"},"schema":{"@context":"https:\/\/schema.org","@graph":[{"@type":"WebPage","@id":"https:\/\/cirugiapediatricamalaga.es\/home\/quienes-somos\/","url":"https:\/\/cirugiapediatricamalaga.es\/home\/quienes-somos\/","name":"Qui\u00e9nes Somos - Cirug&iacute;a Pedi&aacute;trica M&aacute;laga","isPartOf":{"@id":"https:\/\/cirugiapediatricamalaga.es\/home\/#website"},"primaryImageOfPage":{"@id":"https:\/\/cirugiapediatricamalaga.es\/home\/quienes-somos\/#primaryimage"},"image":{"@id":"https:\/\/cirugiapediatricamalaga.es\/home\/quienes-somos\/#primaryimage"},"thumbnailUrl":"https:\/\/cirugiapediatricamalaga.es\/wp-content\/uploads\/2023\/06\/foto-grupo-quienes-somos-comp.jpg","datePublished":"2021-11-21T15:14:19+00:00","dateModified":"2023-06-28T23:00:26+00:00","breadcrumb":{"@id":"https:\/\/cirugiapediatricamalaga.es\/home\/quienes-somos\/#breadcrumb"},"inLanguage":"es","potentialAction":[{"@type":"ReadAction","target":["https:\/\/cirugiapediatricamalaga.es\/home\/quienes-somos\/"]}]},{"@type":"ImageObject","inLanguage":"es","@id":"https:\/\/cirugiapediatricamalaga.es\/home\/quienes-somos\/#primaryimage","url":"https:\/\/cirugiapediatricamalaga.es\/wp-content\/uploads\/2023\/06\/foto-grupo-quienes-somos-comp.jpg","contentUrl":"https:\/\/cirugiapediatricamalaga.es\/wp-content\/uploads\/2023\/06\/foto-grupo-quienes-somos-comp.jpg"},{"@type":"BreadcrumbList","@id":"https:\/\/cirugiapediatricamalaga.es\/home\/quienes-somos\/#breadcrumb","itemListElement":[{"@type":"ListItem","position":1,"name":"Home","item":"https:\/\/cirugiapediatricamalaga.es\/home\/"},{"@type":"ListItem","position":2,"name":"Qui\u00e9nes Somos"}]},{"@type":"WebSite","@id":"https:\/\/cirugiapediatricamalaga.es\/home\/#website","url":"https:\/\/cirugiapediatricamalaga.es\/home\/","name":"Cirug&iacute;a Pedi&aacute;trica M&aacute;laga","description":"Equipo de Cirug&iacute;a Pedi&aacute;trica M&aacute;laga &amp; Andaluc&iacute;a","publisher":{"@id":"https:\/\/cirugiapediatricamalaga.es\/home\/#organization"},"potentialAction":[{"@type":"SearchAction","target":{"@type":"EntryPoint","urlTemplate":"https:\/\/cirugiapediatricamalaga.es\/home\/?s={search_term_string}"},"query-input":{"@type":"PropertyValueSpecification","valueRequired":true,"valueName":"search_term_string"}}],"inLanguage":"es"},{"@type":"Organization","@id":"https:\/\/cirugiapediatricamalaga.es\/home\/#organization","name":"Cirug&iacute;a Pedi&aacute;trica M&aacute;laga","url":"https:\/\/cirugiapediatricamalaga.es\/home\/","logo":{"@type":"ImageObject","inLanguage":"es","@id":"https:\/\/cirugiapediatricamalaga.es\/home\/#\/schema\/logo\/image\/","url":"https:\/\/cirugiapediatricamalaga.es\/wp-content\/uploads\/2023\/06\/cropped-cropped-logo-cuadrado-cirugiapediatricamalaga.png","contentUrl":"https:\/\/cirugiapediatricamalaga.es\/wp-content\/uploads\/2023\/06\/cropped-cropped-logo-cuadrado-cirugiapediatricamalaga.png","width":427,"height":250,"caption":"Cirug&iacute;a Pedi&aacute;trica M&aacute;laga"},"image":{"@id":"https:\/\/cirugiapediatricamalaga.es\/home\/#\/schema\/logo\/image\/"}}]}},"_links":{"self":[{"href":"https:\/\/cirugiapediatricamalaga.es\/home\/wp-json\/wp\/v2\/pages\/1319","targetHints":{"allow":["GET"]}}],"collection":[{"href":"https:\/\/cirugiapediatricamalaga.es\/home\/wp-json\/wp\/v2\/pages"}],"about":[{"href":"https:\/\/cirugiapediatricamalaga.es\/home\/wp-json\/wp\/v2\/types\/page"}],"author":[{"embeddable":true,"href":"https:\/\/cirugiapediatricamalaga.es\/home\/wp-json\/wp\/v2\/users\/1"}],"replies":[{"embeddable":true,"href":"https:\/\/cirugiapediatricamalaga.es\/home\/wp-json\/wp\/v2\/comments?post=1319"}],"version-history":[{"count":14,"href":"https:\/\/cirugiapediatricamalaga.es\/home\/wp-json\/wp\/v2\/pages\/1319\/revisions"}],"predecessor-version":[{"id":1454,"href":"https:\/\/cirugiapediatricamalaga.es\/home\/wp-json\/wp\/v2\/pages\/1319\/revisions\/1454"}],"wp:attachment":[{"href":"https:\/\/cirugiapediatricamalaga.es\/home\/wp-json\/wp\/v2\/media?parent=1319"}],"curies":[{"name":"wp","href":"https:\/\/api.w.org\/{rel}","templated":true}]}}